{"id":5087,"date":"2021-01-25T09:23:07","date_gmt":"2021-01-25T09:23:07","guid":{"rendered":"https:\/\/www.masvilar.cat\/aviso-legal\/"},"modified":"2024-05-13T17:58:11","modified_gmt":"2024-05-13T17:58:11","slug":"aviso-legal","status":"publish","type":"page","link":"https:\/\/www.masvilar.cat\/es\/aviso-legal\/","title":{"rendered":"Aviso legal"},"content":{"rendered":"<p>[et_pb_section fb_built=\u00bb1&#8243; admin_label=\u00bbheaders\u00bb module_class=\u00bbheaders\u00bb _builder_version=\u00bb4.16&#8243; background_image=\u00bbhttps:\/\/www.masvilar.cat\/wp-content\/uploads\/2020\/12\/entorn-banner-2.jpg\u00bb background_position=\u00bbtop_center\u00bb height=\u00bb500px\u00bb global_colors_info=\u00bb{}\u00bb custom_css_main_element_last_edited=\u00bboff|desktop\u00bb custom_css_main_element_tablet=\u00bb \u00bb custom_css_main_element_phone=\u00bb \u00ab][et_pb_row module_class=\u00bblogo-cap\u00bb _builder_version=\u00bb4.16&#8243; positioning=\u00bbabsolute\u00bb vertical_offset=\u00bb61px\u00bb horizontal_offset=\u00bb38px\u00bb width=\u00bb100%\u00bb max_width=\u00bb100%\u00bb custom_margin=\u00bb-50px||||false|false\u00bb global_colors_info=\u00bb{}\u00bb][et_pb_column type=\u00bb4_4&#8243; _builder_version=\u00bb4.16&#8243; global_colors_info=\u00bb{}\u00bb][et_pb_image src=\u00bbhttps:\/\/www.masvilar.cat\/wp-content\/uploads\/2020\/12\/logo-masvilar-blanc-e1608107345880.png\u00bb url=\u00bb\/\u00bb align_tablet=\u00bbcenter\u00bb align_phone=\u00bb\u00bb align_last_edited=\u00bbon|phone\u00bb _builder_version=\u00bb4.16&#8243; width=\u00bb150px\u00bb global_colors_info=\u00bb{}\u00bb][\/et_pb_image][\/et_pb_column][\/et_pb_row][et_pb_row _builder_version=\u00bb4.16&#8243; positioning=\u00bbabsolute\u00bb position_origin_a=\u00bbbottom_right\u00bb width=\u00bb100%\u00bb max_width=\u00bb100%\u00bb global_colors_info=\u00bb{}\u00bb][et_pb_column type=\u00bb4_4&#8243; _builder_version=\u00bb4.16&#8243; global_colors_info=\u00bb{}\u00bb][et_pb_text _builder_version=\u00bb4.16&#8243; header_font=\u00bbCookie||||||||\u00bb header_text_color=\u00bb#ffffff\u00bb header_font_size=\u00bb40px\u00bb header_4_font=\u00bbCookie||||||||\u00bb header_4_text_align=\u00bbright\u00bb header_4_text_color=\u00bb#ffffff\u00bb header_4_font_size=\u00bb60px\u00bb background_color=\u00bbrgba(60,21,24,0.51)\u00bb width=\u00bb100%\u00bb max_width=\u00bb100%\u00bb module_alignment=\u00bbcenter\u00bb custom_padding=\u00bb5px|100px|0px||false|false\u00bb custom_padding_tablet=\u00bb|0px|||false|false\u00bb custom_padding_phone=\u00bb\u00bb custom_padding_last_edited=\u00bbon|desktop\u00bb header_4_text_align_tablet=\u00bbcenter\u00bb header_4_text_align_phone=\u00bbcenter\u00bb header_4_text_align_last_edited=\u00bbon|phone\u00bb header_4_font_size_tablet=\u00bb\u00bb header_4_font_size_phone=\u00bb40px\u00bb header_4_font_size_last_edited=\u00bbon|phone\u00bb text_orientation_tablet=\u00bbcenter\u00bb text_orientation_phone=\u00bbcenter\u00bb text_orientation_last_edited=\u00bbon|phone\u00bb global_colors_info=\u00bb{}\u00bb]<\/p>\n<h4>Aviso legal<\/h4>\n<p>[\/et_pb_text][\/et_pb_column][\/et_pb_row][\/et_pb_section][et_pb_section fb_built=\u00bb1&#8243; admin_label=\u00bbCAL\u00c7OTADES\u00bb _builder_version=\u00bb4.16&#8243; width=\u00bb90%\u00bb max_width=\u00bb1400px\u00bb module_alignment=\u00bbcenter\u00bb custom_margin=\u00bb50px||50px||false|false\u00bb border_width_all=\u00bb1px\u00bb border_color_all=\u00bbrgba(155,105,48,0.05)\u00bb global_colors_info=\u00bb{}\u00bb][et_pb_row _builder_version=\u00bb4.16&#8243; width=\u00bb90%\u00bb max_width=\u00bb90%\u00bb global_colors_info=\u00bb{}\u00bb][et_pb_column type=\u00bb4_4&#8243; _builder_version=\u00bb4.16&#8243; global_colors_info=\u00bb{}\u00bb][et_pb_text _builder_version=\u00bb4.16&#8243; text_font=\u00bbDosis|300|||||||\u00bb text_font_size=\u00bb18px\u00bb text_line_height=\u00bb1.5em\u00bb header_2_font=\u00bbCookie||||||||\u00bb header_2_text_color=\u00bb#3C1518&#8243; header_2_font_size=\u00bb30px\u00bb text_orientation=\u00bbjustified\u00bb global_colors_info=\u00bb{}\u00bb]<\/p>\n<p>En cumplimiento de lo que prev\u00e9 el art\u00edculo 10 de la Ley de 11 de Julio: LSSICE 34\/2002 (Ley de servicios de la Sociedad de la Informaci\u00f3n y Comercio Electr\u00f3nico) se informa que el lugar web y el dominio masvilar.cat son propiedad de Jaume Colom\u00e9 Alba NIF 53124188F, Carretera de Santa Fe, sn 17401 ARB\u00daCIES, tel\u00e9fono + 34 620111147 y correo electr\u00f3nico <a href=\"mailto:info@masvilar.cat\">info@masvilar.cat<\/a><\/p>\n<h2>Propiedad intelectual e industrial<\/h2>\n<p>El contenido de este sitio web, incluyendo texto, im\u00e1genes y dise\u00f1o pertenecen a Mas Vilar turismo rural o a terceros que hayan autorizado su uso. Excepto para uso privado, para cualquier tipo de uso de los contenidos de masvilar.cat requerir\u00e1 autorizaci\u00f3n y la citaci\u00f3n de su procedencia. Mas Vilar se reserva el derecho de tomar acciones legales oportunas para reparar los da\u00f1os y perjuicios que pudiera ocasionar cualquier acci\u00f3n que vulnere sus derechos de propiedad intelectual o industrial.<\/p>\n<h2>Protecci\u00f3n de datos<\/h2>\n<p>En cumplimiento de aquello que prevee la Ley Org\u00e1nica del 13 de diciembre: 15\/1999 LOPD (Ley Org\u00e1nica de Protecci\u00f3n de Datos de Caracter Personal) informamos que los datos personales que se puedan obtener a trav\u00e9s del formulario de contacto de este sitio web o bien por la recepci\u00f3n de correos electr\u00f3nicos o llamadas telef\u00f3nicas se trataran con la m\u00e1xima confidencialidad y se utilizaran exclusivamente para finalidades informativas y publicitarias.<br \/> Para ejercitar los derechos de acceso, rectificaci\u00f3n, cancelaci\u00f3n y oposici\u00f3n puede dirigirse a <a href=\"mailto:info@masvilar.cat\">info@masvilar.cat<\/a>.<\/p>\n<h2>Responsabilidad sobre los contenidos<\/h2>\n<p>Mas Vilar advierte que algunos datos o informaciones pueden no estar del todo actualizadas en el momento de la consulta del sitio web y manifiesta que los contenidos tienen una funci\u00f3n orientativa y es importante confirmarlas siempre con la propiedad.<br \/> La propiedad no se responsabiliza de las informaciones de los contenidos en los enlaces facilitados.<\/p>\n<p>[\/et_pb_text][\/et_pb_column][\/et_pb_row][\/et_pb_section][et_pb_section fb_built=\u00bb1&#8243; _builder_version=\u00bb4.7.7&#8243; background_color=\u00bbrgba(255,255,255,0.7)\u00bb background_image=\u00bbhttps:\/\/www.masvilar.cat\/wp-content\/uploads\/2020\/12\/mas-vilar-habitacions.jpg\u00bb background_position=\u00bbbottom_center\u00bb background_blend=\u00bbscreen\u00bb custom_margin=\u00bb||50px||false|false\u00bb mix_blend_mode=\u00bbmultiply\u00bb global_module=\u00bb43&#8243; saved_tabs=\u00bball\u00bb global_colors_info=\u00bb{}\u00bb][et_pb_row _builder_version=\u00bb4.16&#8243; global_colors_info=\u00bb{}\u00bb][et_pb_column type=\u00bb4_4&#8243; _builder_version=\u00bb4.16&#8243; global_colors_info=\u00bb{}\u00bb][et_pb_text _builder_version=\u00bb4.16&#8243; text_font=\u00bbCookie||||||||\u00bb text_text_color=\u00bb#3C1518&#8243; text_font_size=\u00bb40px\u00bb text_line_height=\u00bb1em\u00bb width_tablet=\u00bb\u00bb width_phone=\u00bb80%\u00bb width_last_edited=\u00bbon|phone\u00bb module_alignment=\u00bbcenter\u00bb custom_margin=\u00bb||||false|false\u00bb global_colors_info=\u00bb{}\u00bb]<\/p>\n<p style=\"text-align: center;\">\u00bfQuieres venir a pasar unos d\u00edas?<\/p>\n<p>[\/et_pb_text][et_pb_button button_url=\u00bb@ET-DC@eyJkeW5hbWljIjp0cnVlLCJjb250ZW50IjoicG9zdF9saW5rX3VybF9wYWdlIiwic2V0dGluZ3MiOnsicG9zdF9pZCI6IjI5MDEifX0=@\u00bb button_text=\u00bbVer habitaciones\u00bb button_alignment=\u00bbcenter\u00bb _builder_version=\u00bb4.16&#8243; _dynamic_attributes=\u00bbbutton_url\u00bb custom_button=\u00bbon\u00bb button_text_color=\u00bb#3C1518&#8243; button_bg_color=\u00bbrgba(255,255,255,0.55)\u00bb button_border_color=\u00bb#3C1518&#8243; button_font=\u00bbDosis|300||on|||||\u00bb button_use_icon=\u00bboff\u00bb custom_padding=\u00bb15px|15px|15px|15px|false|false\u00bb custom_css_main_element=\u00bbwidth: 230px\u00bb global_colors_info=\u00bb{}\u00bb button_bg_color__hover_enabled=\u00bbon|hover\u00bb button_bg_color__hover=\u00bb#ffffff\u00bb button_bg_enable_color__hover=\u00bbon\u00bb][\/et_pb_button][\/et_pb_column][\/et_pb_row][\/et_pb_section]<\/p>\n","protected":false},"excerpt":{"rendered":"<p>Aviso legalEn cumplimiento de lo que prev\u00e9 el art\u00edculo 10 de la Ley de 11 de Julio: LSSICE 34\/2002 (Ley de servicios de la Sociedad de la Informaci\u00f3n y Comercio Electr\u00f3nico) se informa que el lugar web y el dominio masvilar.cat son propiedad de Jaume Colom\u00e9 Alba NIF 53124188F, Carretera de Santa Fe, sn 17401 [&hellip;]<\/p>\n","protected":false},"author":1,"featured_media":0,"parent":0,"menu_order":0,"comment_status":"closed","ping_status":"closed","template":"","meta":{"_et_pb_use_builder":"on","_et_pb_old_content":"","_et_gb_content_width":"","footnotes":""},"class_list":["post-5087","page","type-page","status-publish","hentry"],"yoast_head":"<!-- This site is optimized with the Yoast SEO plugin v27.3 - https:\/\/yoast.com\/product\/yoast-seo-wordpress\/ -->\n<title>Aviso legal - Mas Vilar<\/title>\n<meta name=\"robots\" content=\"noindex, follow\" \/>\n<meta property=\"og:locale\" content=\"es_ES\" \/>\n<meta property=\"og:type\" content=\"article\" \/>\n<meta property=\"og:title\" content=\"Aviso legal - Mas Vilar\" \/>\n<meta property=\"og:description\" content=\"Aviso legalEn cumplimiento de lo que prev\u00e9 el art\u00edculo 10 de la Ley de 11 de Julio: LSSICE 34\/2002 (Ley de servicios de la Sociedad de la Informaci\u00f3n y Comercio Electr\u00f3nico) se informa que el lugar web y el dominio masvilar.cat son propiedad de Jaume Colom\u00e9 Alba NIF 53124188F, Carretera de Santa Fe, sn 17401 [&hellip;]\" \/>\n<meta property=\"og:url\" content=\"https:\/\/www.masvilar.cat\/avis-legal\/\" \/>\n<meta property=\"og:site_name\" content=\"Mas Vilar\" \/>\n<meta property=\"article:modified_time\" content=\"2024-05-13T17:58:11+00:00\" \/>\n<meta name=\"twitter:card\" content=\"summary_large_image\" \/>\n<meta name=\"twitter:label1\" content=\"Tiempo de lectura\" \/>\n\t<meta name=\"twitter:data1\" content=\"5 minutos\" \/>\n<script type=\"application\/ld+json\" class=\"yoast-schema-graph\">{\"@context\":\"https:\\\/\\\/schema.org\",\"@graph\":[{\"@type\":\"WebPage\",\"@id\":\"https:\\\/\\\/www.masvilar.cat\\\/avis-legal\\\/\",\"url\":\"https:\\\/\\\/www.masvilar.cat\\\/avis-legal\\\/\",\"name\":\"Aviso legal - Mas Vilar\",\"isPartOf\":{\"@id\":\"https:\\\/\\\/www.masvilar.cat\\\/#website\"},\"datePublished\":\"2021-01-25T09:23:07+00:00\",\"dateModified\":\"2024-05-13T17:58:11+00:00\",\"breadcrumb\":{\"@id\":\"https:\\\/\\\/www.masvilar.cat\\\/avis-legal\\\/#breadcrumb\"},\"inLanguage\":\"es\",\"potentialAction\":[{\"@type\":\"ReadAction\",\"target\":[\"https:\\\/\\\/www.masvilar.cat\\\/avis-legal\\\/\"]}]},{\"@type\":\"BreadcrumbList\",\"@id\":\"https:\\\/\\\/www.masvilar.cat\\\/avis-legal\\\/#breadcrumb\",\"itemListElement\":[{\"@type\":\"ListItem\",\"position\":1,\"name\":\"Inici\",\"item\":\"https:\\\/\\\/www.masvilar.cat\\\/es\\\/\"},{\"@type\":\"ListItem\",\"position\":2,\"name\":\"Aviso legal\"}]},{\"@type\":\"WebSite\",\"@id\":\"https:\\\/\\\/www.masvilar.cat\\\/#website\",\"url\":\"https:\\\/\\\/www.masvilar.cat\\\/\",\"name\":\"Mas Vilar\",\"description\":\"Turisme Rural al Montseny\",\"potentialAction\":[{\"@type\":\"SearchAction\",\"target\":{\"@type\":\"EntryPoint\",\"urlTemplate\":\"https:\\\/\\\/www.masvilar.cat\\\/?s={search_term_string}\"},\"query-input\":{\"@type\":\"PropertyValueSpecification\",\"valueRequired\":true,\"valueName\":\"search_term_string\"}}],\"inLanguage\":\"es\"}]}<\/script>\n<!-- \/ Yoast SEO plugin. -->","yoast_head_json":{"title":"Aviso legal - Mas Vilar","robots":{"index":"noindex","follow":"follow"},"og_locale":"es_ES","og_type":"article","og_title":"Aviso legal - Mas Vilar","og_description":"Aviso legalEn cumplimiento de lo que prev\u00e9 el art\u00edculo 10 de la Ley de 11 de Julio: LSSICE 34\/2002 (Ley de servicios de la Sociedad de la Informaci\u00f3n y Comercio Electr\u00f3nico) se informa que el lugar web y el dominio masvilar.cat son propiedad de Jaume Colom\u00e9 Alba NIF 53124188F, Carretera de Santa Fe, sn 17401 [&hellip;]","og_url":"https:\/\/www.masvilar.cat\/avis-legal\/","og_site_name":"Mas Vilar","article_modified_time":"2024-05-13T17:58:11+00:00","twitter_card":"summary_large_image","twitter_misc":{"Tiempo de lectura":"5 minutos"},"schema":{"@context":"https:\/\/schema.org","@graph":[{"@type":"WebPage","@id":"https:\/\/www.masvilar.cat\/avis-legal\/","url":"https:\/\/www.masvilar.cat\/avis-legal\/","name":"Aviso legal - Mas Vilar","isPartOf":{"@id":"https:\/\/www.masvilar.cat\/#website"},"datePublished":"2021-01-25T09:23:07+00:00","dateModified":"2024-05-13T17:58:11+00:00","breadcrumb":{"@id":"https:\/\/www.masvilar.cat\/avis-legal\/#breadcrumb"},"inLanguage":"es","potentialAction":[{"@type":"ReadAction","target":["https:\/\/www.masvilar.cat\/avis-legal\/"]}]},{"@type":"BreadcrumbList","@id":"https:\/\/www.masvilar.cat\/avis-legal\/#breadcrumb","itemListElement":[{"@type":"ListItem","position":1,"name":"Inici","item":"https:\/\/www.masvilar.cat\/es\/"},{"@type":"ListItem","position":2,"name":"Aviso legal"}]},{"@type":"WebSite","@id":"https:\/\/www.masvilar.cat\/#website","url":"https:\/\/www.masvilar.cat\/","name":"Mas Vilar","description":"Turisme Rural al Montseny","potentialAction":[{"@type":"SearchAction","target":{"@type":"EntryPoint","urlTemplate":"https:\/\/www.masvilar.cat\/?s={search_term_string}"},"query-input":{"@type":"PropertyValueSpecification","valueRequired":true,"valueName":"search_term_string"}}],"inLanguage":"es"}]}},"_links":{"self":[{"href":"https:\/\/www.masvilar.cat\/es\/wp-json\/wp\/v2\/pages\/5087","targetHints":{"allow":["GET"]}}],"collection":[{"href":"https:\/\/www.masvilar.cat\/es\/wp-json\/wp\/v2\/pages"}],"about":[{"href":"https:\/\/www.masvilar.cat\/es\/wp-json\/wp\/v2\/types\/page"}],"author":[{"embeddable":true,"href":"https:\/\/www.masvilar.cat\/es\/wp-json\/wp\/v2\/users\/1"}],"replies":[{"embeddable":true,"href":"https:\/\/www.masvilar.cat\/es\/wp-json\/wp\/v2\/comments?post=5087"}],"version-history":[{"count":11,"href":"https:\/\/www.masvilar.cat\/es\/wp-json\/wp\/v2\/pages\/5087\/revisions"}],"predecessor-version":[{"id":8271,"href":"https:\/\/www.masvilar.cat\/es\/wp-json\/wp\/v2\/pages\/5087\/revisions\/8271"}],"wp:attachment":[{"href":"https:\/\/www.masvilar.cat\/es\/wp-json\/wp\/v2\/media?parent=5087"}],"curies":[{"name":"wp","href":"https:\/\/api.w.org\/{rel}","templated":true}]}}