{"id":5732,"date":"2021-02-11T10:49:40","date_gmt":"2021-02-11T10:49:40","guid":{"rendered":"https:\/\/www.masvilar.cat\/legal-notice\/"},"modified":"2024-05-14T03:01:05","modified_gmt":"2024-05-14T03:01:05","slug":"legal-notice","status":"publish","type":"page","link":"https:\/\/www.masvilar.cat\/en\/legal-notice\/","title":{"rendered":"Legal notice"},"content":{"rendered":"<p>[et_pb_section fb_built=&#8221;1&#8243; admin_label=&#8221;headers&#8221; module_class=&#8221;headers&#8221; _builder_version=&#8221;4.16&#8243; background_image=&#8221;https:\/\/www.masvilar.cat\/wp-content\/uploads\/2020\/12\/entorn-banner-2.jpg&#8221; background_position=&#8221;top_center&#8221; height=&#8221;500px&#8221; global_colors_info=&#8221;{}&#8221; custom_css_main_element_last_edited=&#8221;off|desktop&#8221; custom_css_main_element_tablet=&#8221; &#8221; custom_css_main_element_phone=&#8221; &#8220;][et_pb_row module_class=&#8221;logo-cap&#8221; _builder_version=&#8221;4.16&#8243; positioning=&#8221;absolute&#8221; vertical_offset=&#8221;61px&#8221; horizontal_offset=&#8221;38px&#8221; width=&#8221;100%&#8221; max_width=&#8221;100%&#8221; custom_margin=&#8221;-50px||||false|false&#8221; global_colors_info=&#8221;{}&#8221;][et_pb_column type=&#8221;4_4&#8243; _builder_version=&#8221;4.16&#8243; global_colors_info=&#8221;{}&#8221;][et_pb_image src=&#8221;https:\/\/www.masvilar.cat\/wp-content\/uploads\/2020\/12\/logo-masvilar-blanc-e1608107345880.png&#8221; url=&#8221;\/&#8221; align_tablet=&#8221;center&#8221; align_phone=&#8221;&#8221; align_last_edited=&#8221;on|phone&#8221; _builder_version=&#8221;4.16&#8243; width=&#8221;150px&#8221; global_colors_info=&#8221;{}&#8221;][\/et_pb_image][\/et_pb_column][\/et_pb_row][et_pb_row _builder_version=&#8221;4.16&#8243; positioning=&#8221;absolute&#8221; position_origin_a=&#8221;bottom_right&#8221; width=&#8221;100%&#8221; max_width=&#8221;100%&#8221; global_colors_info=&#8221;{}&#8221;][et_pb_column type=&#8221;4_4&#8243; _builder_version=&#8221;4.16&#8243; global_colors_info=&#8221;{}&#8221;][et_pb_text _builder_version=&#8221;4.16&#8243; header_font=&#8221;Cookie||||||||&#8221; header_text_color=&#8221;#ffffff&#8221; header_font_size=&#8221;40px&#8221; header_4_font=&#8221;Cookie||||||||&#8221; header_4_text_align=&#8221;right&#8221; header_4_text_color=&#8221;#ffffff&#8221; header_4_font_size=&#8221;60px&#8221; background_color=&#8221;rgba(60,21,24,0.51)&#8221; width=&#8221;100%&#8221; max_width=&#8221;100%&#8221; module_alignment=&#8221;center&#8221; custom_padding=&#8221;5px|100px|0px||false|false&#8221; custom_padding_tablet=&#8221;|0px|||false|false&#8221; custom_padding_phone=&#8221;&#8221; custom_padding_last_edited=&#8221;on|desktop&#8221; header_4_text_align_tablet=&#8221;center&#8221; header_4_text_align_phone=&#8221;center&#8221; header_4_text_align_last_edited=&#8221;on|phone&#8221; header_4_font_size_tablet=&#8221;&#8221; header_4_font_size_phone=&#8221;40px&#8221; header_4_font_size_last_edited=&#8221;on|phone&#8221; text_orientation_tablet=&#8221;center&#8221; text_orientation_phone=&#8221;center&#8221; text_orientation_last_edited=&#8221;on|phone&#8221; global_colors_info=&#8221;{}&#8221;]<\/p>\n<h4>Legal notice<\/h4>\n<p>[\/et_pb_text][\/et_pb_column][\/et_pb_row][\/et_pb_section][et_pb_section fb_built=&#8221;1&#8243; admin_label=&#8221;CAL\u00c7OTADES&#8221; _builder_version=&#8221;4.16&#8243; width=&#8221;90%&#8221; max_width=&#8221;1400px&#8221; module_alignment=&#8221;center&#8221; custom_margin=&#8221;50px||50px||false|false&#8221; border_width_all=&#8221;1px&#8221; border_color_all=&#8221;rgba(155,105,48,0.05)&#8221; global_colors_info=&#8221;{}&#8221;][et_pb_row _builder_version=&#8221;4.16&#8243; width=&#8221;90%&#8221; max_width=&#8221;90%&#8221; global_colors_info=&#8221;{}&#8221;][et_pb_column type=&#8221;4_4&#8243; _builder_version=&#8221;4.16&#8243; global_colors_info=&#8221;{}&#8221;][et_pb_text _builder_version=&#8221;4.16&#8243; text_font=&#8221;Dosis|300|||||||&#8221; text_font_size=&#8221;18px&#8221; text_line_height=&#8221;1.5em&#8221; header_2_font=&#8221;Cookie||||||||&#8221; header_2_text_color=&#8221;#3C1518&#8243; header_2_font_size=&#8221;30px&#8221; text_orientation=&#8221;justified&#8221; global_colors_info=&#8221;{}&#8221;]<\/p>\n<p>En cumplimiento de lo que prevee el art\u00edculo 10 de la Ley de 11 de Julio: LSSICE 34\/2002 (Ley de servicios de la Sociedad de la Informaci\u00f3n y Comercio Electr\u00f3nico) se informa que el lugar web y el dominio masvilar.cat son propiedad de Jaume Colom\u00e9 Alba NIF 53124188F, Carretera de Santa Fe, sn 17401 ARB\u00daCIES, tel\u00e9fono + 34 620111147 y correo electr\u00f3nico <a href=\"mailto:info@masvilar.cat\">info@masvilar.cat<\/a><\/p>\n<h2>Propiedad intelectual e industrial<\/h2>\n<p>El contenido de este sitio web, incluyendo texto, im\u00e1genes y dise\u00f1o pertenecen a Mas Vilar turismo rural o a terceros que hayan autorizado su uso. Excepto para uso privado, para cualquier tipo de uso de los contenidos de masvilar.cat requerir\u00e1 autorizaci\u00f3n y la citaci\u00f3n de su procedencia. Mas Vilar se reserva el derecho de tomar acciones legales oportunas para reparar los da\u00f1os y perjuicios que pudiera ocasionar cualquier acci\u00f3n que vulnere sus derechos de propiedad intelectual o industrial.<\/p>\n<h2>Protecci\u00f3n de datos<\/h2>\n<p>En cumplimiento de aquello que prevee la Ley Org\u00e1nica del 13 de diciembre: 15\/1999 LOPD (Ley Org\u00e1nica de Protecci\u00f3n de Datos de Caracter Personal) informamos que los datos personales que se puedan obtener a trav\u00e9s del formulario de contacto de este sitio web o bien por la recepci\u00f3n de correos electr\u00f3nicos o llamadas telef\u00f3nicas se trataran con la m\u00e1xima confidencialidad y se utilizaran exclusivamente para finalidades informativas y publicitarias.<br \/> Para ejercitar los derechos de acceso, rectificaci\u00f3n, cancelaci\u00f3n y oposici\u00f3n puede dirigirse a <a href=\"mailto:info@masvilar.cat\">info@masvilar.cat<\/a>.<\/p>\n<h2>Responsabilidad sobre los contenidos<\/h2>\n<p>Mas Vilar advierte que algunos datos o informaciones pueden no estar del todo actualizadas en el momento de la consulta del sitio web y manifiesta que los contenidos tienen una funci\u00f3n orientativa y es importante confirmarlas siempre con la propiedad.<br \/> La propiedad no se responsabiliza de las informaciones de los contenidos en los enlaces facilitados.<\/p>\n<p>[\/et_pb_text][\/et_pb_column][\/et_pb_row][\/et_pb_section][et_pb_section fb_built=&#8221;1&#8243; _builder_version=&#8221;4.16&#8243; background_color=&#8221;rgba(255,255,255,0.7)&#8221; background_image=&#8221;https:\/\/www.masvilar.cat\/wp-content\/uploads\/2020\/12\/mas-vilar-habitacions.jpg&#8221; background_position=&#8221;bottom_center&#8221; background_blend=&#8221;screen&#8221; custom_margin=&#8221;||50px||false|false&#8221; mix_blend_mode=&#8221;multiply&#8221; saved_tabs=&#8221;all&#8221; global_colors_info=&#8221;{}&#8221;][et_pb_row _builder_version=&#8221;4.16&#8243; global_colors_info=&#8221;{}&#8221;][et_pb_column type=&#8221;4_4&#8243; _builder_version=&#8221;4.16&#8243; global_colors_info=&#8221;{}&#8221;][et_pb_text _builder_version=&#8221;4.16&#8243; text_font=&#8221;Cookie||||||||&#8221; text_text_color=&#8221;#3C1518&#8243; text_font_size=&#8221;40px&#8221; text_line_height=&#8221;1em&#8221; width_tablet=&#8221;&#8221; width_phone=&#8221;80%&#8221; width_last_edited=&#8221;on|phone&#8221; module_alignment=&#8221;center&#8221; custom_margin=&#8221;||||false|false&#8221; global_colors_info=&#8221;{}&#8221;]<\/p>\n<p style=\"text-align: center;\">Would you like to stay some days?<\/p>\n<p>[\/et_pb_text][et_pb_button button_url=&#8221;@ET-DC@eyJkeW5hbWljIjp0cnVlLCJjb250ZW50IjoicG9zdF9saW5rX3VybF9wYWdlIiwic2V0dGluZ3MiOnsicG9zdF9pZCI6IjI5MDEifX0=@&#8221; button_text=&#8221;See rooms&#8221; button_alignment=&#8221;center&#8221; _builder_version=&#8221;4.16&#8243; _dynamic_attributes=&#8221;button_url&#8221; custom_button=&#8221;on&#8221; button_text_color=&#8221;#3C1518&#8243; button_bg_color=&#8221;rgba(255,255,255,0.55)&#8221; button_border_color=&#8221;#3C1518&#8243; button_font=&#8221;Dosis|300||on|||||&#8221; button_use_icon=&#8221;off&#8221; custom_padding=&#8221;15px|15px|15px|15px|false|false&#8221; custom_css_main_element=&#8221;width: 230px&#8221; global_colors_info=&#8221;{}&#8221; button_bg_color__hover_enabled=&#8221;on|hover&#8221; button_bg_color__hover=&#8221;#ffffff&#8221; button_bg_enable_color__hover=&#8221;on&#8221;][\/et_pb_button][\/et_pb_column][\/et_pb_row][\/et_pb_section]<\/p>\n","protected":false},"excerpt":{"rendered":"<p>Legal noticeEn cumplimiento de lo que prevee el art\u00edculo 10 de la Ley de 11 de Julio: LSSICE 34\/2002 (Ley de servicios de la Sociedad de la Informaci\u00f3n y Comercio Electr\u00f3nico) se informa que el lugar web y el dominio masvilar.cat son propiedad de Jaume Colom\u00e9 Alba NIF 53124188F, Carretera de Santa Fe, sn 17401 [&hellip;]<\/p>\n","protected":false},"author":1,"featured_media":0,"parent":0,"menu_order":0,"comment_status":"closed","ping_status":"closed","template":"","meta":{"_et_pb_use_builder":"on","_et_pb_old_content":"","_et_gb_content_width":"","footnotes":""},"class_list":["post-5732","page","type-page","status-publish","hentry"],"yoast_head":"<!-- This site is optimized with the Yoast SEO plugin v27.3 - https:\/\/yoast.com\/product\/yoast-seo-wordpress\/ -->\n<title>Legal notice - Mas Vilar<\/title>\n<meta name=\"robots\" content=\"noindex, follow\" \/>\n<meta property=\"og:locale\" content=\"en_US\" \/>\n<meta property=\"og:type\" content=\"article\" \/>\n<meta property=\"og:title\" content=\"Legal notice - Mas Vilar\" \/>\n<meta property=\"og:description\" content=\"Legal noticeEn cumplimiento de lo que prevee el art\u00edculo 10 de la Ley de 11 de Julio: LSSICE 34\/2002 (Ley de servicios de la Sociedad de la Informaci\u00f3n y Comercio Electr\u00f3nico) se informa que el lugar web y el dominio masvilar.cat son propiedad de Jaume Colom\u00e9 Alba NIF 53124188F, Carretera de Santa Fe, sn 17401 [&hellip;]\" \/>\n<meta property=\"og:url\" content=\"https:\/\/www.masvilar.cat\/avis-legal\/\" \/>\n<meta property=\"og:site_name\" content=\"Mas Vilar\" \/>\n<meta property=\"article:modified_time\" content=\"2024-05-14T03:01:05+00:00\" \/>\n<meta name=\"twitter:card\" content=\"summary_large_image\" \/>\n<meta name=\"twitter:label1\" content=\"Est. reading time\" \/>\n\t<meta name=\"twitter:data1\" content=\"5 minutes\" \/>\n<script type=\"application\/ld+json\" class=\"yoast-schema-graph\">{\"@context\":\"https:\\\/\\\/schema.org\",\"@graph\":[{\"@type\":\"WebPage\",\"@id\":\"https:\\\/\\\/www.masvilar.cat\\\/avis-legal\\\/\",\"url\":\"https:\\\/\\\/www.masvilar.cat\\\/avis-legal\\\/\",\"name\":\"Legal notice - Mas Vilar\",\"isPartOf\":{\"@id\":\"https:\\\/\\\/www.masvilar.cat\\\/#website\"},\"datePublished\":\"2021-02-11T10:49:40+00:00\",\"dateModified\":\"2024-05-14T03:01:05+00:00\",\"breadcrumb\":{\"@id\":\"https:\\\/\\\/www.masvilar.cat\\\/avis-legal\\\/#breadcrumb\"},\"inLanguage\":\"en-US\",\"potentialAction\":[{\"@type\":\"ReadAction\",\"target\":[\"https:\\\/\\\/www.masvilar.cat\\\/avis-legal\\\/\"]}]},{\"@type\":\"BreadcrumbList\",\"@id\":\"https:\\\/\\\/www.masvilar.cat\\\/avis-legal\\\/#breadcrumb\",\"itemListElement\":[{\"@type\":\"ListItem\",\"position\":1,\"name\":\"Inici\",\"item\":\"https:\\\/\\\/www.masvilar.cat\\\/en\\\/\"},{\"@type\":\"ListItem\",\"position\":2,\"name\":\"Legal notice\"}]},{\"@type\":\"WebSite\",\"@id\":\"https:\\\/\\\/www.masvilar.cat\\\/#website\",\"url\":\"https:\\\/\\\/www.masvilar.cat\\\/\",\"name\":\"Mas Vilar\",\"description\":\"Turisme Rural al Montseny\",\"potentialAction\":[{\"@type\":\"SearchAction\",\"target\":{\"@type\":\"EntryPoint\",\"urlTemplate\":\"https:\\\/\\\/www.masvilar.cat\\\/?s={search_term_string}\"},\"query-input\":{\"@type\":\"PropertyValueSpecification\",\"valueRequired\":true,\"valueName\":\"search_term_string\"}}],\"inLanguage\":\"en-US\"}]}<\/script>\n<!-- \/ Yoast SEO plugin. -->","yoast_head_json":{"title":"Legal notice - Mas Vilar","robots":{"index":"noindex","follow":"follow"},"og_locale":"en_US","og_type":"article","og_title":"Legal notice - Mas Vilar","og_description":"Legal noticeEn cumplimiento de lo que prevee el art\u00edculo 10 de la Ley de 11 de Julio: LSSICE 34\/2002 (Ley de servicios de la Sociedad de la Informaci\u00f3n y Comercio Electr\u00f3nico) se informa que el lugar web y el dominio masvilar.cat son propiedad de Jaume Colom\u00e9 Alba NIF 53124188F, Carretera de Santa Fe, sn 17401 [&hellip;]","og_url":"https:\/\/www.masvilar.cat\/avis-legal\/","og_site_name":"Mas Vilar","article_modified_time":"2024-05-14T03:01:05+00:00","twitter_card":"summary_large_image","twitter_misc":{"Est. reading time":"5 minutes"},"schema":{"@context":"https:\/\/schema.org","@graph":[{"@type":"WebPage","@id":"https:\/\/www.masvilar.cat\/avis-legal\/","url":"https:\/\/www.masvilar.cat\/avis-legal\/","name":"Legal notice - Mas Vilar","isPartOf":{"@id":"https:\/\/www.masvilar.cat\/#website"},"datePublished":"2021-02-11T10:49:40+00:00","dateModified":"2024-05-14T03:01:05+00:00","breadcrumb":{"@id":"https:\/\/www.masvilar.cat\/avis-legal\/#breadcrumb"},"inLanguage":"en-US","potentialAction":[{"@type":"ReadAction","target":["https:\/\/www.masvilar.cat\/avis-legal\/"]}]},{"@type":"BreadcrumbList","@id":"https:\/\/www.masvilar.cat\/avis-legal\/#breadcrumb","itemListElement":[{"@type":"ListItem","position":1,"name":"Inici","item":"https:\/\/www.masvilar.cat\/en\/"},{"@type":"ListItem","position":2,"name":"Legal notice"}]},{"@type":"WebSite","@id":"https:\/\/www.masvilar.cat\/#website","url":"https:\/\/www.masvilar.cat\/","name":"Mas Vilar","description":"Turisme Rural al Montseny","potentialAction":[{"@type":"SearchAction","target":{"@type":"EntryPoint","urlTemplate":"https:\/\/www.masvilar.cat\/?s={search_term_string}"},"query-input":{"@type":"PropertyValueSpecification","valueRequired":true,"valueName":"search_term_string"}}],"inLanguage":"en-US"}]}},"_links":{"self":[{"href":"https:\/\/www.masvilar.cat\/en\/wp-json\/wp\/v2\/pages\/5732","targetHints":{"allow":["GET"]}}],"collection":[{"href":"https:\/\/www.masvilar.cat\/en\/wp-json\/wp\/v2\/pages"}],"about":[{"href":"https:\/\/www.masvilar.cat\/en\/wp-json\/wp\/v2\/types\/page"}],"author":[{"embeddable":true,"href":"https:\/\/www.masvilar.cat\/en\/wp-json\/wp\/v2\/users\/1"}],"replies":[{"embeddable":true,"href":"https:\/\/www.masvilar.cat\/en\/wp-json\/wp\/v2\/comments?post=5732"}],"version-history":[{"count":6,"href":"https:\/\/www.masvilar.cat\/en\/wp-json\/wp\/v2\/pages\/5732\/revisions"}],"predecessor-version":[{"id":8300,"href":"https:\/\/www.masvilar.cat\/en\/wp-json\/wp\/v2\/pages\/5732\/revisions\/8300"}],"wp:attachment":[{"href":"https:\/\/www.masvilar.cat\/en\/wp-json\/wp\/v2\/media?parent=5732"}],"curies":[{"name":"wp","href":"https:\/\/api.w.org\/{rel}","templated":true}]}}